{"id":95,"date":"2025-12-01T17:22:17","date_gmt":"2025-12-01T17:22:17","guid":{"rendered":"https:\/\/guardiadelconsiglio.sm\/?page_id=95"},"modified":"2025-12-01T17:22:18","modified_gmt":"2025-12-01T17:22:18","slug":"il-giuramento","status":"publish","type":"page","link":"https:\/\/guardiadelconsiglio.sm\/index.php\/il-giuramento\/","title":{"rendered":"Il Giuramento"},"content":{"rendered":"\n<p class=\"has-text-color has-link-color wp-elements-488f95cf084ce33fdf258ec068653b3a\" style=\"color:#916d20\">Le nuove reclute, il 25 marzo, in occasione della Festa delle Milizie, giurano fedelt\u00e0 alla Repubblica in una suggestiva cerimonia che si tiene in Piazza della Libert\u00e0 nella seguente formula:<\/p>\n\n\n\n<p class=\"has-text-align-center has-text-color has-link-color wp-elements-d3b8d28e441b21f2fee723bdac3fdf9f\" style=\"color:#916d20\">GIURO DI CUSTODIRE LA PATRIA,<\/p>\n\n\n\n<p class=\"has-text-align-center has-text-color has-link-color wp-elements-c8212f73e29de4ef8c935d48ecb47c84\" style=\"color:#916d20\">LA SUA INDIPENDENZA,<\/p>\n\n\n\n<p class=\"has-text-align-center has-text-color has-link-color wp-elements-d79edfc2ee01c0adb59480d20c5a3a38\" style=\"color:#916d20\">LA SUA LIBERT\u00c0,<\/p>\n\n\n\n<p class=\"has-text-align-center has-text-color has-link-color wp-elements-68914828672e537a88c5361ba4c90bf9\" style=\"color:#916d20\">DI DIFENDERE LE SUE ISTITUZIONI,<\/p>\n\n\n\n<p class=\"has-text-align-center has-text-color has-link-color wp-elements-1a8088700745384554a6e87c3745b0d8\" style=\"color:#916d20\">L\u2019INTEGRIT\u00c0 DEL SUO TERRITORIO,<\/p>\n\n\n\n<p class=\"has-text-align-center has-text-color has-link-color wp-elements-bae7b7064258e544bf138e5f0a535f52\" style=\"color:#916d20\">IL CONSIGLIO GRANDE E GENERALE ED I CAPITANI REGGENTI;<\/p>\n\n\n\n<p class=\"has-text-align-center has-text-color has-link-color wp-elements-159086db43cd057a2fbbefc21ec96935\" style=\"color:#916d20\">DI PRESTARE, NELL\u2019ASSOLVIMENTO DEI COMPITI ISTITUZIONALI, LA PRONTA E PERFETTA OBBEDIENZA;<\/p>\n\n\n\n<p class=\"has-text-align-center has-text-color has-link-color wp-elements-bc28ae4d1495d2b91cc7103c3b6b8f11\" style=\"color:#916d20\">DI ASSICURARE IL RISPETTO DELLE LEGGI,<\/p>\n\n\n\n<p class=\"has-text-align-center has-text-color has-link-color wp-elements-170e8925aab58a439ac47b1eae977c08\" style=\"color:#916d20\">DI CONCORRERE AL MANTENIMENTO DELL\u2019ORDINE PUBBLICO E AL BENE DELLA COLLETTIVIT\u00c0 E DEI CITTADINI.<\/p>\n\n\n\n<p><\/p>\n","protected":false},"excerpt":{"rendered":"<p>Le nuove reclute, il 25 marzo, in occasione della Festa delle Milizie, giurano fedelt\u00e0 alla Repubblica in una suggestiva cerimonia che si tiene in Piazza della Libert\u00e0 nella seguente formula: GIURO DI CUSTODIRE LA PATRIA, LA SUA INDIPENDENZA, LA SUA LIBERT\u00c0, DI DIFENDERE LE SUE ISTITUZIONI, L\u2019INTEGRIT\u00c0 DEL SUO TERRITORIO, &hellip;<\/p>\n","protected":false},"author":1,"featured_media":0,"parent":0,"menu_order":0,"comment_status":"closed","ping_status":"closed","template":"","meta":{"footnotes":""},"class_list":["post-95","page","type-page","status-publish","hentry"],"_links":{"self":[{"href":"https:\/\/guardiadelconsiglio.sm\/index.php\/wp-json\/wp\/v2\/pages\/95","targetHints":{"allow":["GET"]}}],"collection":[{"href":"https:\/\/guardiadelconsiglio.sm\/index.php\/wp-json\/wp\/v2\/pages"}],"about":[{"href":"https:\/\/guardiadelconsiglio.sm\/index.php\/wp-json\/wp\/v2\/types\/page"}],"author":[{"embeddable":true,"href":"https:\/\/guardiadelconsiglio.sm\/index.php\/wp-json\/wp\/v2\/users\/1"}],"replies":[{"embeddable":true,"href":"https:\/\/guardiadelconsiglio.sm\/index.php\/wp-json\/wp\/v2\/comments?post=95"}],"version-history":[{"count":1,"href":"https:\/\/guardiadelconsiglio.sm\/index.php\/wp-json\/wp\/v2\/pages\/95\/revisions"}],"predecessor-version":[{"id":96,"href":"https:\/\/guardiadelconsiglio.sm\/index.php\/wp-json\/wp\/v2\/pages\/95\/revisions\/96"}],"wp:attachment":[{"href":"https:\/\/guardiadelconsiglio.sm\/index.php\/wp-json\/wp\/v2\/media?parent=95"}],"curies":[{"name":"wp","href":"https:\/\/api.w.org\/{rel}","templated":true}]}}