{"id":87,"date":"2025-12-01T17:05:08","date_gmt":"2025-12-01T17:05:08","guid":{"rendered":"https:\/\/guardiadelconsiglio.sm\/?page_id=87"},"modified":"2025-12-17T22:02:55","modified_gmt":"2025-12-17T22:02:55","slug":"le-uniformi","status":"publish","type":"page","link":"https:\/\/guardiadelconsiglio.sm\/index.php\/le-uniformi\/","title":{"rendered":"Le uniformi"},"content":{"rendered":"\n<p><\/p>\n\n\n\n<div class=\"wp-block-media-text has-media-on-the-right is-stacked-on-mobile\" style=\"grid-template-columns:auto 25%\"><div class=\"wp-block-media-text__content\">\n<p><\/p>\n\n\n\n<p class=\"has-text-color has-link-color wp-elements-5d154bec552dd3e2cb26bd6bf828bc48\" style=\"color:#916d20\"><strong>ALTA UNIFORME<\/strong><\/p>\n\n\n\n<p class=\"has-text-color has-link-color wp-elements-f61f81f6fc04cd380bce67adb3a0fbda\" style=\"color:#916d20\">Uniforme storica indossata per i principali servizi della Guardia del Consiglio, di panno blue cupo, con bande e mostre di colore arancio a taglio napoleonico, con feluca adorna di piume bianco e azzurre, bandoliera di cuoio bianca, spalline di metallo dorato con frange arancione, sciabola da cavalleria.&nbsp;<\/p>\n<\/div><figure class=\"wp-block-media-text__media\"><img loading=\"lazy\" decoding=\"async\" width=\"1024\" height=\"1024\" src=\"https:\/\/guardiadelconsiglio.sm\/wp-content\/uploads\/2025\/12\/Alta-uniforme-1024x1024.jpg\" alt=\"ALTA UNIFORME\" class=\"wp-image-167 size-full\" srcset=\"https:\/\/guardiadelconsiglio.sm\/wp-content\/uploads\/2025\/12\/Alta-uniforme-1024x1024.jpg 1024w, https:\/\/guardiadelconsiglio.sm\/wp-content\/uploads\/2025\/12\/Alta-uniforme-300x300.jpg 300w, https:\/\/guardiadelconsiglio.sm\/wp-content\/uploads\/2025\/12\/Alta-uniforme-150x150.jpg 150w, https:\/\/guardiadelconsiglio.sm\/wp-content\/uploads\/2025\/12\/Alta-uniforme-768x768.jpg 768w, https:\/\/guardiadelconsiglio.sm\/wp-content\/uploads\/2025\/12\/Alta-uniforme-1536x1536.jpg 1536w, https:\/\/guardiadelconsiglio.sm\/wp-content\/uploads\/2025\/12\/Alta-uniforme-2048x2048.jpg 2048w, https:\/\/guardiadelconsiglio.sm\/wp-content\/uploads\/2025\/12\/Alta-uniforme-350x350.jpg 350w\" sizes=\"auto, (max-width: 1024px) 100vw, 1024px\" \/><\/figure><\/div>\n\n\n\n<div class=\"wp-block-media-text has-media-on-the-right is-stacked-on-mobile\" style=\"grid-template-columns:auto 25%\"><div class=\"wp-block-media-text__content\">\n<p class=\"has-text-color has-link-color wp-elements-7ede91be83e412be92bbe5e1049dc675\" style=\"color:#916d20\"><strong>UNIFORME D&#8217;ORDINANZA<\/strong><\/p>\n\n\n\n<p class=\"has-text-color has-link-color wp-elements-ce4c4bd1aa38f3539e96d55df541ca03\" style=\"color:#916d20\">Utilizzata per i servizi di ordine pubblico \u00e8 di colore blu scuro. La giacca con bavero, con tasche al petto e alle falde con controspalline. Sulla manica sinistra \u00e8 riportato lo stemma dei corpi militari della Repubblica. Il pantalone \u00e8 blu senza bande. Il copricapo \u00e8 a visiera con il fregio del corpo.&nbsp;<\/p>\n<\/div><figure class=\"wp-block-media-text__media\"><img loading=\"lazy\" decoding=\"async\" width=\"1024\" height=\"1024\" src=\"https:\/\/guardiadelconsiglio.sm\/wp-content\/uploads\/2025\/12\/Divisa-ordinanza-1024x1024.jpg\" alt=\"\" class=\"wp-image-170 size-full\" srcset=\"https:\/\/guardiadelconsiglio.sm\/wp-content\/uploads\/2025\/12\/Divisa-ordinanza-1024x1024.jpg 1024w, https:\/\/guardiadelconsiglio.sm\/wp-content\/uploads\/2025\/12\/Divisa-ordinanza-300x300.jpg 300w, https:\/\/guardiadelconsiglio.sm\/wp-content\/uploads\/2025\/12\/Divisa-ordinanza-150x150.jpg 150w, https:\/\/guardiadelconsiglio.sm\/wp-content\/uploads\/2025\/12\/Divisa-ordinanza-768x768.jpg 768w, https:\/\/guardiadelconsiglio.sm\/wp-content\/uploads\/2025\/12\/Divisa-ordinanza-1536x1536.jpg 1536w, https:\/\/guardiadelconsiglio.sm\/wp-content\/uploads\/2025\/12\/Divisa-ordinanza-2048x2048.jpg 2048w, https:\/\/guardiadelconsiglio.sm\/wp-content\/uploads\/2025\/12\/Divisa-ordinanza-350x350.jpg 350w\" sizes=\"auto, (max-width: 1024px) 100vw, 1024px\" \/><\/figure><\/div>\n\n\n\n<div class=\"wp-block-media-text has-media-on-the-right is-stacked-on-mobile\" style=\"grid-template-columns:auto 25%\"><div class=\"wp-block-media-text__content\">\n<p class=\"has-text-color has-link-color wp-elements-c308ae100a7824898fac3794c8029292\" style=\"color:#916d20\"><strong>UNIFORME DA CAMPO<\/strong><\/p>\n\n\n\n<p class=\"has-text-color has-link-color wp-elements-370fa91d73e7d4a26e4cb72069d522ea\" style=\"color:#916d20\">Utilizzata principalmente nelle occasioni di formazione e addestramento pu\u00f2 essere utilizzata anche per alcuni servizi operativi. Giacca blu scuro a maniche lunghe, abbottonata sul davanti con tasche a soffietto sul petto e alle falde, con lo stemma dei corpi militari della Repubblica di San Marino sulla manica sinistra. Pantaloni a taglio leggermente cargo, adatti al servizio operativo.<\/p>\n\n\n\n<p class=\"has-text-color has-link-color wp-elements-84f102ee49251a64c6d869ee5233c1af\" style=\"color:#916d20\">Cinturone in cordura o in pelle nero, robusto, utilizzato per portare equipaggiamento, anfibi tattici di colore nero, copricapo a basco con il fregio&nbsp;del&nbsp;corpo.<\/p>\n<\/div><figure class=\"wp-block-media-text__media\"><img loading=\"lazy\" decoding=\"async\" width=\"1024\" height=\"1024\" src=\"https:\/\/guardiadelconsiglio.sm\/wp-content\/uploads\/2025\/12\/Divisa-da-campo_-1024x1024.jpg\" alt=\"\" class=\"wp-image-173 size-full\" srcset=\"https:\/\/guardiadelconsiglio.sm\/wp-content\/uploads\/2025\/12\/Divisa-da-campo_-1024x1024.jpg 1024w, https:\/\/guardiadelconsiglio.sm\/wp-content\/uploads\/2025\/12\/Divisa-da-campo_-300x300.jpg 300w, https:\/\/guardiadelconsiglio.sm\/wp-content\/uploads\/2025\/12\/Divisa-da-campo_-150x150.jpg 150w, https:\/\/guardiadelconsiglio.sm\/wp-content\/uploads\/2025\/12\/Divisa-da-campo_-768x768.jpg 768w, https:\/\/guardiadelconsiglio.sm\/wp-content\/uploads\/2025\/12\/Divisa-da-campo_-1536x1536.jpg 1536w, https:\/\/guardiadelconsiglio.sm\/wp-content\/uploads\/2025\/12\/Divisa-da-campo_-2048x2048.jpg 2048w, https:\/\/guardiadelconsiglio.sm\/wp-content\/uploads\/2025\/12\/Divisa-da-campo_-350x350.jpg 350w\" sizes=\"auto, (max-width: 1024px) 100vw, 1024px\" \/><\/figure><\/div>\n","protected":false},"excerpt":{"rendered":"<p>ALTA UNIFORME Uniforme storica indossata per i principali servizi della Guardia del Consiglio, di panno blue cupo, con bande e mostre di colore arancio a taglio napoleonico, con feluca adorna di piume bianco e azzurre, bandoliera di cuoio bianca, spalline di metallo dorato con frange arancione, sciabola da cavalleria.&nbsp; UNIFORME &hellip;<\/p>\n","protected":false},"author":1,"featured_media":0,"parent":0,"menu_order":0,"comment_status":"closed","ping_status":"closed","template":"","meta":{"footnotes":""},"class_list":["post-87","page","type-page","status-publish","hentry"],"_links":{"self":[{"href":"https:\/\/guardiadelconsiglio.sm\/index.php\/wp-json\/wp\/v2\/pages\/87","targetHints":{"allow":["GET"]}}],"collection":[{"href":"https:\/\/guardiadelconsiglio.sm\/index.php\/wp-json\/wp\/v2\/pages"}],"about":[{"href":"https:\/\/guardiadelconsiglio.sm\/index.php\/wp-json\/wp\/v2\/types\/page"}],"author":[{"embeddable":true,"href":"https:\/\/guardiadelconsiglio.sm\/index.php\/wp-json\/wp\/v2\/users\/1"}],"replies":[{"embeddable":true,"href":"https:\/\/guardiadelconsiglio.sm\/index.php\/wp-json\/wp\/v2\/comments?post=87"}],"version-history":[{"count":19,"href":"https:\/\/guardiadelconsiglio.sm\/index.php\/wp-json\/wp\/v2\/pages\/87\/revisions"}],"predecessor-version":[{"id":192,"href":"https:\/\/guardiadelconsiglio.sm\/index.php\/wp-json\/wp\/v2\/pages\/87\/revisions\/192"}],"wp:attachment":[{"href":"https:\/\/guardiadelconsiglio.sm\/index.php\/wp-json\/wp\/v2\/media?parent=87"}],"curies":[{"name":"wp","href":"https:\/\/api.w.org\/{rel}","templated":true}]}}