{"id":2,"date":"2025-11-24T19:26:47","date_gmt":"2025-11-24T19:26:47","guid":{"rendered":"https:\/\/guardiadelconsiglio.sm\/?page_id=2"},"modified":"2025-12-18T22:34:42","modified_gmt":"2025-12-18T22:34:42","slug":"sample-page","status":"publish","type":"page","link":"https:\/\/guardiadelconsiglio.sm\/","title":{"rendered":"HOME"},"content":{"rendered":"<div class=\"wp-block-image\">\n<figure class=\"aligncenter size-full is-resized\"><img loading=\"lazy\" decoding=\"async\" width=\"1920\" height=\"1285\" src=\"https:\/\/guardiadelconsiglio.sm\/wp-content\/uploads\/2025\/11\/GuardiaNobile0026V2.jpg\" alt=\"\" class=\"wp-image-39\" style=\"aspect-ratio:1.7777777777777777;object-fit:cover;width:1095px;height:auto\" srcset=\"https:\/\/guardiadelconsiglio.sm\/wp-content\/uploads\/2025\/11\/GuardiaNobile0026V2.jpg 1920w, https:\/\/guardiadelconsiglio.sm\/wp-content\/uploads\/2025\/11\/GuardiaNobile0026V2-300x201.jpg 300w, https:\/\/guardiadelconsiglio.sm\/wp-content\/uploads\/2025\/11\/GuardiaNobile0026V2-1024x685.jpg 1024w, https:\/\/guardiadelconsiglio.sm\/wp-content\/uploads\/2025\/11\/GuardiaNobile0026V2-768x514.jpg 768w, https:\/\/guardiadelconsiglio.sm\/wp-content\/uploads\/2025\/11\/GuardiaNobile0026V2-1536x1028.jpg 1536w, https:\/\/guardiadelconsiglio.sm\/wp-content\/uploads\/2025\/11\/GuardiaNobile0026V2-299x200.jpg 299w\" sizes=\"auto, (max-width: 1920px) 100vw, 1920px\" \/><\/figure>\n<\/div>\n\n\n<p><\/p>\n\n\n\n<p><\/p>\n\n\n\n<p><\/p>\n\n\n\n<p class=\"has-text-align-center has-text-color has-link-color wp-elements-5883cb8b29f7067c8c5f1d4feaff1068\" style=\"color:#916d20\"><strong>CUSTODI DELLA TRADIZIONE, SENTINELLE DELLA REPUBBLICA<\/strong><\/p>\n\n\n\n<p class=\"has-text-color has-link-color wp-elements-2554be71dcd74503b0f1181d4051d18c\" style=\"color:#916d20\">La Guardia del Consiglio non \u00e8 solo una componente delle Forze Armate Sammarinesi, ma un autentico ponte vivente con la nostra&nbsp;secolare storia repubblicana. La Guardia del Consiglio, con le sue radici che affondano nel cuore delle istituzioni, incarna la&nbsp;fedelt\u00e0&nbsp;e la&nbsp;continuit\u00e0&nbsp;che sono il fondamento stesso della Repubblica di San Marino, la pi\u00f9 antica del mondo. Siamo i custodi visibili di un&#8217;eredit\u00e0 che i nostri Padri ci hanno tramandato: un impegno immutabile verso i principi di libert\u00e0, democrazia e indipendenza.<\/p>\n\n\n\n<p class=\"has-text-color has-link-color wp-elements-e5d80460077d7ac313a36e9a4f1c345c\" style=\"color:#916d20\">Il nostro servizio, svolto con la massima dedizione e rigore, \u00e8 duplice. Da un lato, garantiamo con solennit\u00e0 la sicurezza e il decoro delle massime cariche dello Stato, in primis gli Eccellentissimi Capitani Reggenti e l&#8217;Aula del Consiglio Grande e Generale, di cui portiamo il nome con fierezza. Dall&#8217;altro, siamo i&nbsp;primi rappresentanti formali&nbsp;della Repubblica in ogni cerimonia e evento. Ogni nostra uniforme, ogni gesto e ogni onore reso non \u00e8 che la manifestazione tangibile della&nbsp;sovranit\u00e0&nbsp;e del&nbsp;valore morale&nbsp;della nostra Nazione. In questo, risiede la nostra pi\u00f9 alta responsabilit\u00e0: servire l&#8217;Istituzione con disciplina, onore e senso del dovere, in ogni circostanza.<\/p>\n\n\n\n<p class=\"has-text-color has-link-color wp-elements-65aafda553a88ed17b0924556a7e00f1\" style=\"color:#916d20\">In un momento storico che richiede lungimiranza e coesione, la Guardia del Consiglio rinnova la promessa di continuare a svolgere il proprio ruolo con immutata professionalit\u00e0. Con l&#8217;auspicio che i valori di cooperazione e pace, che San Marino promuove nel consesso internazionale, possano sempre guidare le nostre azioni. Che la nostra presenza, solida e discreta, possa essere sempre un simbolo di&nbsp;stabilit\u00e0&nbsp;e un richiamo costante al valore inestimabile della&nbsp;Libert\u00e0.<\/p>\n\n\n\n<p><\/p>\n","protected":false},"excerpt":{"rendered":"<p>CUSTODI DELLA TRADIZIONE, SENTINELLE DELLA REPUBBLICA La Guardia del Consiglio non \u00e8 solo una componente delle Forze Armate Sammarinesi, ma un autentico ponte vivente con la nostra&nbsp;secolare storia repubblicana. La Guardia del Consiglio, con le sue radici che affondano nel cuore delle istituzioni, incarna la&nbsp;fedelt\u00e0&nbsp;e la&nbsp;continuit\u00e0&nbsp;che sono il fondamento stesso &hellip;<\/p>\n","protected":false},"author":1,"featured_media":0,"parent":0,"menu_order":0,"comment_status":"closed","ping_status":"open","template":"","meta":{"footnotes":""},"class_list":["post-2","page","type-page","status-publish","hentry"],"_links":{"self":[{"href":"https:\/\/guardiadelconsiglio.sm\/index.php\/wp-json\/wp\/v2\/pages\/2","targetHints":{"allow":["GET"]}}],"collection":[{"href":"https:\/\/guardiadelconsiglio.sm\/index.php\/wp-json\/wp\/v2\/pages"}],"about":[{"href":"https:\/\/guardiadelconsiglio.sm\/index.php\/wp-json\/wp\/v2\/types\/page"}],"author":[{"embeddable":true,"href":"https:\/\/guardiadelconsiglio.sm\/index.php\/wp-json\/wp\/v2\/users\/1"}],"replies":[{"embeddable":true,"href":"https:\/\/guardiadelconsiglio.sm\/index.php\/wp-json\/wp\/v2\/comments?post=2"}],"version-history":[{"count":34,"href":"https:\/\/guardiadelconsiglio.sm\/index.php\/wp-json\/wp\/v2\/pages\/2\/revisions"}],"predecessor-version":[{"id":240,"href":"https:\/\/guardiadelconsiglio.sm\/index.php\/wp-json\/wp\/v2\/pages\/2\/revisions\/240"}],"wp:attachment":[{"href":"https:\/\/guardiadelconsiglio.sm\/index.php\/wp-json\/wp\/v2\/media?parent=2"}],"curies":[{"name":"wp","href":"https:\/\/api.w.org\/{rel}","templated":true}]}}